{"id":366,"date":"2026-04-19T14:49:16","date_gmt":"2026-04-19T10:49:16","guid":{"rendered":"https:\/\/noutbody.com\/?page_id=366"},"modified":"2026-04-19T18:52:20","modified_gmt":"2026-04-19T14:52:20","slug":"mon-univers-creatif","status":"publish","type":"page","link":"https:\/\/noutbody.com\/","title":{"rendered":"Mon univers cr\u00e9atif"},"content":{"rendered":"\n<p>Je cr\u00e9e des designs inspir\u00e9s de l\u2019\u00e9t\u00e9, de la libert\u00e9 et de l\u2019\u00e9nergie positive.<\/p>\n\n\n\n<p>Chaque visuel est pens\u00e9 pour transmettre une \u00e9motion :<br>\u2600\ufe0f l\u00e9g\u00e8ret\u00e9<br>\ud83c\udf34 \u00e9vasion<br>\u2728 confiance en soi<\/p>\n\n\n\n<p>Mon objectif est simple :<br>te proposer des cr\u00e9ations qui ne sont pas juste belles, mais qui te font ressentir quelque chose.<\/p>\n\n\n\n<p>Que ce soit \u00e0 travers un sac, un accessoire ou un visuel, chaque design raconte une histoire.<\/p>\n\n\n\n<figure class=\"wp-block-gallery has-nested-images columns-default is-cropped wp-block-gallery-1 is-layout-flex wp-block-gallery-is-layout-flex\">\n<figure class=\"wp-block-image size-large\"><img loading=\"lazy\" decoding=\"async\" width=\"1024\" height=\"664\" data-id=\"367\" src=\"https:\/\/noutbody.com\/wp-content\/uploads\/2026\/04\/Capture-decran-2026-04-19-140845-1024x664.png\" alt=\"\" class=\"wp-image-367\" srcset=\"https:\/\/noutbody.com\/wp-content\/uploads\/2026\/04\/Capture-decran-2026-04-19-140845-1024x664.png 1024w, https:\/\/noutbody.com\/wp-content\/uploads\/2026\/04\/Capture-decran-2026-04-19-140845-300x195.png 300w, https:\/\/noutbody.com\/wp-content\/uploads\/2026\/04\/Capture-decran-2026-04-19-140845-768x498.png 768w, https:\/\/noutbody.com\/wp-content\/uploads\/2026\/04\/Capture-decran-2026-04-19-140845.png 1301w\" sizes=\"auto, (max-width: 1024px) 100vw, 1024px\" \/><\/figure>\n\n\n\n<figure class=\"wp-block-image size-large\"><img loading=\"lazy\" decoding=\"async\" width=\"1024\" height=\"646\" data-id=\"368\" src=\"https:\/\/noutbody.com\/wp-content\/uploads\/2026\/04\/Capture-decran-2026-04-19-141026-1-1024x646.png\" alt=\"\" class=\"wp-image-368\" srcset=\"https:\/\/noutbody.com\/wp-content\/uploads\/2026\/04\/Capture-decran-2026-04-19-141026-1-1024x646.png 1024w, https:\/\/noutbody.com\/wp-content\/uploads\/2026\/04\/Capture-decran-2026-04-19-141026-1-300x189.png 300w, https:\/\/noutbody.com\/wp-content\/uploads\/2026\/04\/Capture-decran-2026-04-19-141026-1-768x484.png 768w, https:\/\/noutbody.com\/wp-content\/uploads\/2026\/04\/Capture-decran-2026-04-19-141026-1.png 1299w\" sizes=\"auto, (max-width: 1024px) 100vw, 1024px\" \/><\/figure>\n<\/figure>\n\n\n\n<div class=\"wp-block-buttons is-layout-flex wp-block-buttons-is-layout-flex\">\n<div class=\"wp-block-button\"><a class=\"wp-block-button__link wp-element-button\" href=\"http:\/\/jaclineabelard.redbubble.com\">\ud83d\udc49 D\u00e9couvrir la collection<\/a><\/div>\n<\/div>\n\n\n\n<div id=\"soro-blog\"><\/div>\n<script src=\"https:\/\/app.trysoro.com\/api\/embed\/a8700699-b189-49c8-99c4-7f0dcd1916d4\" defer><\/script>\n\n\n\n<p><\/p>\n","protected":false},"excerpt":{"rendered":"<p>Je cr\u00e9e des designs inspir\u00e9s de l\u2019\u00e9t\u00e9, de la libert\u00e9 et de l\u2019\u00e9nergie positive. Chaque visuel est pens\u00e9 pour transmettre [&hellip;]<\/p>\n","protected":false},"author":1,"featured_media":0,"parent":0,"menu_order":0,"comment_status":"closed","ping_status":"closed","template":"","meta":{"site-sidebar-layout":"default","site-content-layout":"","ast-site-content-layout":"default","site-content-style":"default","site-sidebar-style":"default","ast-global-header-display":"","ast-banner-title-visibility":"","ast-main-header-display":"","ast-hfb-above-header-display":"","ast-hfb-below-header-display":"","ast-hfb-mobile-header-display":"","site-post-title":"","ast-breadcrumbs-content":"","ast-featured-img":"","footer-sml-layout":"","ast-disable-related-posts":"","theme-transparent-header-meta":"","adv-header-id-meta":"","stick-header-meta":"","header-above-stick-meta":"","header-main-stick-meta":"","header-below-stick-meta":"","astra-migrate-meta-layouts":"default","ast-page-background-enabled":"default","ast-page-background-meta":{"desktop":{"background-color":"var(--ast-global-color-5)","background-image":"","background-repeat":"repeat","background-position":"center center","background-size":"auto","background-attachment":"scroll","background-type":"","background-media":"","overlay-type":"","overlay-color":"","overlay-opacity":"","overlay-gradient":""},"tablet":{"background-color":"","background-image":"","background-repeat":"repeat","background-position":"center center","background-size":"auto","background-attachment":"scroll","background-type":"","background-media":"","overlay-type":"","overlay-color":"","overlay-opacity":"","overlay-gradient":""},"mobile":{"background-color":"","background-image":"","background-repeat":"repeat","background-position":"center center","background-size":"auto","background-attachment":"scroll","background-type":"","background-media":"","overlay-type":"","overlay-color":"","overlay-opacity":"","overlay-gradient":""}},"ast-content-background-meta":{"desktop":{"background-color":"var(--ast-global-color-4)","background-image":"","background-repeat":"repeat","background-position":"center center","background-size":"auto","background-attachment":"scroll","background-type":"","background-media":"","overlay-type":"","overlay-color":"","overlay-opacity":"","overlay-gradient":""},"tablet":{"background-color":"var(--ast-global-color-4)","background-image":"","background-repeat":"repeat","background-position":"center center","background-size":"auto","background-attachment":"scroll","background-type":"","background-media":"","overlay-type":"","overlay-color":"","overlay-opacity":"","overlay-gradient":""},"mobile":{"background-color":"var(--ast-global-color-4)","background-image":"","background-repeat":"repeat","background-position":"center center","background-size":"auto","background-attachment":"scroll","background-type":"","background-media":"","overlay-type":"","overlay-color":"","overlay-opacity":"","overlay-gradient":""}},"_kadence_starter_templates_imported_post":false,"footnotes":""},"class_list":["post-366","page","type-page","status-publish","hentry"],"_links":{"self":[{"href":"https:\/\/noutbody.com\/index.php\/wp-json\/wp\/v2\/pages\/366","targetHints":{"allow":["GET"]}}],"collection":[{"href":"https:\/\/noutbody.com\/index.php\/wp-json\/wp\/v2\/pages"}],"about":[{"href":"https:\/\/noutbody.com\/index.php\/wp-json\/wp\/v2\/types\/page"}],"author":[{"embeddable":true,"href":"https:\/\/noutbody.com\/index.php\/wp-json\/wp\/v2\/users\/1"}],"replies":[{"embeddable":true,"href":"https:\/\/noutbody.com\/index.php\/wp-json\/wp\/v2\/comments?post=366"}],"version-history":[{"count":4,"href":"https:\/\/noutbody.com\/index.php\/wp-json\/wp\/v2\/pages\/366\/revisions"}],"predecessor-version":[{"id":393,"href":"https:\/\/noutbody.com\/index.php\/wp-json\/wp\/v2\/pages\/366\/revisions\/393"}],"wp:attachment":[{"href":"https:\/\/noutbody.com\/index.php\/wp-json\/wp\/v2\/media?parent=366"}],"curies":[{"name":"wp","href":"https:\/\/api.w.org\/{rel}","templated":true}]}}