{"id":360,"date":"2026-04-19T14:43:28","date_gmt":"2026-04-19T10:43:28","guid":{"rendered":"https:\/\/noutbody.com\/?page_id=360"},"modified":"2026-04-19T15:30:29","modified_gmt":"2026-04-19T11:30:29","slug":"pourquoi-choisir-mes-creations","status":"publish","type":"page","link":"https:\/\/noutbody.com\/index.php\/pourquoi-choisir-mes-creations\/","title":{"rendered":"Pourquoi choisir mes cr\u00e9ations"},"content":{"rendered":"\n<p>Designs uniques et originaux Inspir\u00e9s d\u2019\u00e9motions positives <\/p>\n\n\n\n<p>Pens\u00e9s pour ton quotidien <\/p>\n\n\n\n<p>Disponibles sur plusieurs plateformes fiables<\/p>\n\n\n\n<p>Choisis ta boutique pr\u00e9f\u00e9r\u00e9e<\/p>\n\n\n\n<p>\ud83d\udc49 <a href=\"https:\/\/jacquelinedigitale.sellfy.store\/\">Acheter sur Sellfy<\/a><br>\ud83d\udc49 <a href=\"http:\/\/jaclineabelard.redbubble.com\">Voir sur Redbubble<\/a><\/p>\n\n\n\n<figure class=\"wp-block-gallery has-nested-images columns-default is-cropped wp-block-gallery-1 is-layout-flex wp-block-gallery-is-layout-flex\">\n<figure class=\"wp-block-image size-large\"><img loading=\"lazy\" decoding=\"async\" width=\"1024\" height=\"646\" data-id=\"361\" src=\"https:\/\/noutbody.com\/wp-content\/uploads\/2026\/04\/Capture-decran-2026-04-19-141026-1024x646.png\" alt=\"\" class=\"wp-image-361\" srcset=\"https:\/\/noutbody.com\/wp-content\/uploads\/2026\/04\/Capture-decran-2026-04-19-141026-1024x646.png 1024w, https:\/\/noutbody.com\/wp-content\/uploads\/2026\/04\/Capture-decran-2026-04-19-141026-300x189.png 300w, https:\/\/noutbody.com\/wp-content\/uploads\/2026\/04\/Capture-decran-2026-04-19-141026-768x484.png 768w, https:\/\/noutbody.com\/wp-content\/uploads\/2026\/04\/Capture-decran-2026-04-19-141026.png 1299w\" sizes=\"auto, (max-width: 1024px) 100vw, 1024px\" \/><\/figure>\n<\/figure>\n\n\n\n<div class=\"wp-block-buttons is-layout-flex wp-block-buttons-is-layout-flex\">\n<div class=\"wp-block-button\"><a class=\"wp-block-button__link wp-element-button\" href=\"http:\/\/jaclineabelard.redbubble.com\">\ud83d\udc49 D\u00e9couvrir la collection<\/a><\/div>\n<\/div>\n\n\n\n<p><\/p>\n","protected":false},"excerpt":{"rendered":"<p>Designs uniques et originaux Inspir\u00e9s d\u2019\u00e9motions positives Pens\u00e9s pour ton quotidien Disponibles sur plusieurs plateformes fiables Choisis ta boutique pr\u00e9f\u00e9r\u00e9e [&hellip;]<\/p>\n","protected":false},"author":1,"featured_media":0,"parent":0,"menu_order":0,"comment_status":"closed","ping_status":"closed","template":"","meta":{"site-sidebar-layout":"default","site-content-layout":"","ast-site-content-layout":"default","site-content-style":"default","site-sidebar-style":"default","ast-global-header-display":"","ast-banner-title-visibility":"","ast-main-header-display":"","ast-hfb-above-header-display":"","ast-hfb-below-header-display":"","ast-hfb-mobile-header-display":"","site-post-title":"","ast-breadcrumbs-content":"","ast-featured-img":"","footer-sml-layout":"","ast-disable-related-posts":"","theme-transparent-header-meta":"","adv-header-id-meta":"","stick-header-meta":"","header-above-stick-meta":"","header-main-stick-meta":"","header-below-stick-meta":"","astra-migrate-meta-layouts":"default","ast-page-background-enabled":"default","ast-page-background-meta":{"desktop":{"background-color":"var(--ast-global-color-5)","background-image":"","background-repeat":"repeat","background-position":"center center","background-size":"auto","background-attachment":"scroll","background-type":"","background-media":"","overlay-type":"","overlay-color":"","overlay-opacity":"","overlay-gradient":""},"tablet":{"background-color":"","background-image":"","background-repeat":"repeat","background-position":"center center","background-size":"auto","background-attachment":"scroll","background-type":"","background-media":"","overlay-type":"","overlay-color":"","overlay-opacity":"","overlay-gradient":""},"mobile":{"background-color":"","background-image":"","background-repeat":"repeat","background-position":"center center","background-size":"auto","background-attachment":"scroll","background-type":"","background-media":"","overlay-type":"","overlay-color":"","overlay-opacity":"","overlay-gradient":""}},"ast-content-background-meta":{"desktop":{"background-color":"var(--ast-global-color-4)","background-image":"","background-repeat":"repeat","background-position":"center center","background-size":"auto","background-attachment":"scroll","background-type":"","background-media":"","overlay-type":"","overlay-color":"","overlay-opacity":"","overlay-gradient":""},"tablet":{"background-color":"var(--ast-global-color-4)","background-image":"","background-repeat":"repeat","background-position":"center center","background-size":"auto","background-attachment":"scroll","background-type":"","background-media":"","overlay-type":"","overlay-color":"","overlay-opacity":"","overlay-gradient":""},"mobile":{"background-color":"var(--ast-global-color-4)","background-image":"","background-repeat":"repeat","background-position":"center center","background-size":"auto","background-attachment":"scroll","background-type":"","background-media":"","overlay-type":"","overlay-color":"","overlay-opacity":"","overlay-gradient":""}},"_kadence_starter_templates_imported_post":false,"footnotes":""},"class_list":["post-360","page","type-page","status-publish","hentry"],"_links":{"self":[{"href":"https:\/\/noutbody.com\/index.php\/wp-json\/wp\/v2\/pages\/360","targetHints":{"allow":["GET"]}}],"collection":[{"href":"https:\/\/noutbody.com\/index.php\/wp-json\/wp\/v2\/pages"}],"about":[{"href":"https:\/\/noutbody.com\/index.php\/wp-json\/wp\/v2\/types\/page"}],"author":[{"embeddable":true,"href":"https:\/\/noutbody.com\/index.php\/wp-json\/wp\/v2\/users\/1"}],"replies":[{"embeddable":true,"href":"https:\/\/noutbody.com\/index.php\/wp-json\/wp\/v2\/comments?post=360"}],"version-history":[{"count":3,"href":"https:\/\/noutbody.com\/index.php\/wp-json\/wp\/v2\/pages\/360\/revisions"}],"predecessor-version":[{"id":387,"href":"https:\/\/noutbody.com\/index.php\/wp-json\/wp\/v2\/pages\/360\/revisions\/387"}],"wp:attachment":[{"href":"https:\/\/noutbody.com\/index.php\/wp-json\/wp\/v2\/media?parent=360"}],"curies":[{"name":"wp","href":"https:\/\/api.w.org\/{rel}","templated":true}]}}