{"id":301,"date":"2026-04-19T09:23:03","date_gmt":"2026-04-19T05:23:03","guid":{"rendered":"https:\/\/noutbody.com\/?page_id=301"},"modified":"2026-04-19T15:01:39","modified_gmt":"2026-04-19T11:01:39","slug":"boutique-redbubble","status":"publish","type":"page","link":"https:\/\/noutbody.com\/index.php\/boutique-redbubble\/","title":{"rendered":"Boutique RedBubble"},"content":{"rendered":"\n<figure class=\"wp-block-image size-full\"><img loading=\"lazy\" decoding=\"async\" width=\"941\" height=\"512\" src=\"https:\/\/noutbody.com\/wp-content\/uploads\/2026\/04\/illustration-redbubble.png\" alt=\"\" class=\"wp-image-302\" srcset=\"https:\/\/noutbody.com\/wp-content\/uploads\/2026\/04\/illustration-redbubble.png 941w, https:\/\/noutbody.com\/wp-content\/uploads\/2026\/04\/illustration-redbubble-300x163.png 300w, https:\/\/noutbody.com\/wp-content\/uploads\/2026\/04\/illustration-redbubble-768x418.png 768w\" sizes=\"auto, (max-width: 941px) 100vw, 941px\" \/><\/figure>\n\n\n\n<div class=\"wp-block-buttons is-layout-flex wp-block-buttons-is-layout-flex\">\n<div class=\"wp-block-button\"><a class=\"wp-block-button__link wp-element-button\" href=\"http:\/\/jaclineabelard.redbubble.com\">Je recherche exactement cela!<\/a><\/div>\n<\/div>\n\n\n\n<figure class=\"wp-block-gallery has-nested-images columns-default is-cropped wp-block-gallery-1 is-layout-flex wp-block-gallery-is-layout-flex\">\n<figure class=\"wp-block-image size-large\"><img loading=\"lazy\" decoding=\"async\" width=\"1024\" height=\"754\" data-id=\"378\" src=\"https:\/\/noutbody.com\/wp-content\/uploads\/2026\/04\/Capture-decran-2026-04-19-140739-1024x754.png\" alt=\"\" class=\"wp-image-378\" srcset=\"https:\/\/noutbody.com\/wp-content\/uploads\/2026\/04\/Capture-decran-2026-04-19-140739-1024x754.png 1024w, https:\/\/noutbody.com\/wp-content\/uploads\/2026\/04\/Capture-decran-2026-04-19-140739-300x221.png 300w, https:\/\/noutbody.com\/wp-content\/uploads\/2026\/04\/Capture-decran-2026-04-19-140739-768x566.png 768w, https:\/\/noutbody.com\/wp-content\/uploads\/2026\/04\/Capture-decran-2026-04-19-140739.png 1161w\" sizes=\"auto, (max-width: 1024px) 100vw, 1024px\" \/><\/figure>\n<\/figure>\n\n\n\n<p>Ce n&rsquo;est qu&rsquo;un aper\u00e7u, vas r\u00e9cup\u00e9rer ton style, maintenant!<\/p>\n","protected":false},"excerpt":{"rendered":"<p>Ce n&rsquo;est qu&rsquo;un aper\u00e7u, vas r\u00e9cup\u00e9rer ton style, maintenant!<\/p>\n","protected":false},"author":1,"featured_media":0,"parent":0,"menu_order":0,"comment_status":"closed","ping_status":"closed","template":"","meta":{"site-sidebar-layout":"default","site-content-layout":"","ast-site-content-layout":"default","site-content-style":"default","site-sidebar-style":"default","ast-global-header-display":"","ast-banner-title-visibility":"","ast-main-header-display":"","ast-hfb-above-header-display":"","ast-hfb-below-header-display":"","ast-hfb-mobile-header-display":"","site-post-title":"","ast-breadcrumbs-content":"","ast-featured-img":"","footer-sml-layout":"","ast-disable-related-posts":"","theme-transparent-header-meta":"","adv-header-id-meta":"","stick-header-meta":"","header-above-stick-meta":"","header-main-stick-meta":"","header-below-stick-meta":"","astra-migrate-meta-layouts":"default","ast-page-background-enabled":"default","ast-page-background-meta":{"desktop":{"background-color":"var(--ast-global-color-5)","background-image":"","background-repeat":"repeat","background-position":"center center","background-size":"auto","background-attachment":"scroll","background-type":"","background-media":"","overlay-type":"","overlay-color":"","overlay-opacity":"","overlay-gradient":""},"tablet":{"background-color":"","background-image":"","background-repeat":"repeat","background-position":"center center","background-size":"auto","background-attachment":"scroll","background-type":"","background-media":"","overlay-type":"","overlay-color":"","overlay-opacity":"","overlay-gradient":""},"mobile":{"background-color":"","background-image":"","background-repeat":"repeat","background-position":"center center","background-size":"auto","background-attachment":"scroll","background-type":"","background-media":"","overlay-type":"","overlay-color":"","overlay-opacity":"","overlay-gradient":""}},"ast-content-background-meta":{"desktop":{"background-color":"var(--ast-global-color-4)","background-image":"","background-repeat":"repeat","background-position":"center center","background-size":"auto","background-attachment":"scroll","background-type":"","background-media":"","overlay-type":"","overlay-color":"","overlay-opacity":"","overlay-gradient":""},"tablet":{"background-color":"var(--ast-global-color-4)","background-image":"","background-repeat":"repeat","background-position":"center center","background-size":"auto","background-attachment":"scroll","background-type":"","background-media":"","overlay-type":"","overlay-color":"","overlay-opacity":"","overlay-gradient":""},"mobile":{"background-color":"var(--ast-global-color-4)","background-image":"","background-repeat":"repeat","background-position":"center center","background-size":"auto","background-attachment":"scroll","background-type":"","background-media":"","overlay-type":"","overlay-color":"","overlay-opacity":"","overlay-gradient":""}},"_kadence_starter_templates_imported_post":false,"footnotes":""},"class_list":["post-301","page","type-page","status-publish","hentry"],"_links":{"self":[{"href":"https:\/\/noutbody.com\/index.php\/wp-json\/wp\/v2\/pages\/301","targetHints":{"allow":["GET"]}}],"collection":[{"href":"https:\/\/noutbody.com\/index.php\/wp-json\/wp\/v2\/pages"}],"about":[{"href":"https:\/\/noutbody.com\/index.php\/wp-json\/wp\/v2\/types\/page"}],"author":[{"embeddable":true,"href":"https:\/\/noutbody.com\/index.php\/wp-json\/wp\/v2\/users\/1"}],"replies":[{"embeddable":true,"href":"https:\/\/noutbody.com\/index.php\/wp-json\/wp\/v2\/comments?post=301"}],"version-history":[{"count":7,"href":"https:\/\/noutbody.com\/index.php\/wp-json\/wp\/v2\/pages\/301\/revisions"}],"predecessor-version":[{"id":379,"href":"https:\/\/noutbody.com\/index.php\/wp-json\/wp\/v2\/pages\/301\/revisions\/379"}],"wp:attachment":[{"href":"https:\/\/noutbody.com\/index.php\/wp-json\/wp\/v2\/media?parent=301"}],"curies":[{"name":"wp","href":"https:\/\/api.w.org\/{rel}","templated":true}]}}