{"id":146,"date":"2025-04-21T23:11:29","date_gmt":"2025-04-21T19:11:29","guid":{"rendered":"https:\/\/noutbody.com\/?page_id=146"},"modified":"2026-04-21T11:05:26","modified_gmt":"2026-04-21T07:05:26","slug":"boutique-sellfy","status":"publish","type":"page","link":"https:\/\/noutbody.com\/index.php\/boutique-sellfy\/","title":{"rendered":"BOUTIQUE SELLFY"},"content":{"rendered":"\n<h2 class=\"wp-block-heading\">\u201cJaja la peste &amp; alors \ud83d\ude0f\u201d \u2013 Le design fun et assum\u00e9 de l\u2019\u00e9t\u00e9<\/h2>\n\n\n\n<figure class=\"wp-block-gallery has-nested-images columns-default is-cropped wp-block-gallery-1 is-layout-flex wp-block-gallery-is-layout-flex\">\n<figure class=\"wp-block-image size-large\"><img loading=\"lazy\" decoding=\"async\" width=\"790\" height=\"773\" data-id=\"381\" src=\"https:\/\/noutbody.com\/wp-content\/uploads\/2026\/04\/Capture-decran-2026-04-19-150459.png\" alt=\"\" class=\"wp-image-381\" srcset=\"https:\/\/noutbody.com\/wp-content\/uploads\/2026\/04\/Capture-decran-2026-04-19-150459.png 790w, https:\/\/noutbody.com\/wp-content\/uploads\/2026\/04\/Capture-decran-2026-04-19-150459-300x294.png 300w, https:\/\/noutbody.com\/wp-content\/uploads\/2026\/04\/Capture-decran-2026-04-19-150459-768x751.png 768w\" sizes=\"auto, (max-width: 790px) 100vw, 790px\" \/><\/figure>\n\n\n\n<figure class=\"wp-block-image size-large\"><img loading=\"lazy\" decoding=\"async\" width=\"793\" height=\"775\" data-id=\"382\" src=\"https:\/\/noutbody.com\/wp-content\/uploads\/2026\/04\/sac-jaja.png\" alt=\"Sac tote avec logo &quot;Jaja la peste&quot; pour la boutique Sellfy, id\u00e9al pour accessoires et shopping \u00e9co-r.\" class=\"wp-image-382\" srcset=\"https:\/\/noutbody.com\/wp-content\/uploads\/2026\/04\/sac-jaja.png 793w, https:\/\/noutbody.com\/wp-content\/uploads\/2026\/04\/sac-jaja-300x293.png 300w, https:\/\/noutbody.com\/wp-content\/uploads\/2026\/04\/sac-jaja-768x751.png 768w\" sizes=\"auto, (max-width: 793px) 100vw, 793px\" \/><\/figure>\n<\/figure>\n\n\n\n<div class=\"wp-block-buttons is-layout-flex wp-block-buttons-is-layout-flex\">\n<div class=\"wp-block-button\"><a class=\"wp-block-button__link wp-element-button\" href=\"https:\/\/jacquelinedigitale.sellfy.store\/\">Je veux ce design<\/a><\/div>\n<\/div>\n\n\n\n<p>Tu vois ce moment o\u00f9 t\u2019as juste envie d\u2019\u00eatre tranquille\u2026 sans te justifier ?<br>Ce sac est ton alli\u00e9. Tu l&rsquo;a aussi sur la housse de protection de ta tablette.<\/p>\n\n\n\n<p>Avec son design ultra expressif (le petit chat boudeur qu\u2019on adore \ud83d\udc31), il envoie un message clair avec une touche d\u2019humour :<br><strong>\u201cJaja la peste et alors\u2026\u201d<\/strong><\/p>\n\n\n\n<p>Parfait pour l\u2019\u00e9t\u00e9, il t\u2019accompagne partout<\/p>\n\n\n\n<h2 class=\"wp-block-heading\">Hydrate ton corps.<br>Renforce ton mental. Notre offre motivation:<\/h2>\n\n\n\n<p>Cette gourde n\u2019est pas juste un accessoire.<br>C\u2019est un <strong>rappel constant de pourquoi tu te bats chaque jour<\/strong>. <\/p>\n\n\n\n<p>Son slogan:<\/p>\n\n\n\n<p> \u201cJE NE SUIS PAS FATIGU\u00c9(E)<br>JE SUIS EN TRAIN DE R\u00c9USSIR\u201d<\/p>\n\n\n\n<div class=\"wp-block-buttons is-layout-flex wp-block-buttons-is-layout-flex\">\n<div class=\"wp-block-button\"><a class=\"wp-block-button__link wp-element-button\" href=\"https:\/\/jacquelinedigitale.sellfy.store\/p\/gourde-motivation\/\">D\u00e9couvre notre gourde motivation ici<\/a><\/div>\n<\/div>\n\n\n\n<p>\ud83d\udc49 Chaque gorg\u00e9e te rapproche de ton objectif.<\/p>\n\n\n\n<p><\/p>\n","protected":false},"excerpt":{"rendered":"<p>\u201cJaja la peste &amp; alors \ud83d\ude0f\u201d \u2013 Le design fun et assum\u00e9 de l\u2019\u00e9t\u00e9 Tu vois ce moment o\u00f9 t\u2019as [&hellip;]<\/p>\n","protected":false},"author":1,"featured_media":0,"parent":0,"menu_order":0,"comment_status":"closed","ping_status":"closed","template":"","meta":{"site-sidebar-layout":"default","site-content-layout":"","ast-site-content-layout":"default","site-content-style":"default","site-sidebar-style":"default","ast-global-header-display":"","ast-banner-title-visibility":"","ast-main-header-display":"","ast-hfb-above-header-display":"","ast-hfb-below-header-display":"","ast-hfb-mobile-header-display":"","site-post-title":"","ast-breadcrumbs-content":"","ast-featured-img":"","footer-sml-layout":"","ast-disable-related-posts":"","theme-transparent-header-meta":"","adv-header-id-meta":"","stick-header-meta":"","header-above-stick-meta":"","header-main-stick-meta":"","header-below-stick-meta":"","astra-migrate-meta-layouts":"default","ast-page-background-enabled":"default","ast-page-background-meta":{"desktop":{"background-color":"var(--ast-global-color-5)","background-image":"","background-repeat":"repeat","background-position":"center center","background-size":"auto","background-attachment":"scroll","background-type":"","background-media":"","overlay-type":"","overlay-color":"","overlay-opacity":"","overlay-gradient":""},"tablet":{"background-color":"","background-image":"","background-repeat":"repeat","background-position":"center center","background-size":"auto","background-attachment":"scroll","background-type":"","background-media":"","overlay-type":"","overlay-color":"","overlay-opacity":"","overlay-gradient":""},"mobile":{"background-color":"","background-image":"","background-repeat":"repeat","background-position":"center center","background-size":"auto","background-attachment":"scroll","background-type":"","background-media":"","overlay-type":"","overlay-color":"","overlay-opacity":"","overlay-gradient":""}},"ast-content-background-meta":{"desktop":{"background-color":"var(--ast-global-color-4)","background-image":"","background-repeat":"repeat","background-position":"center center","background-size":"auto","background-attachment":"scroll","background-type":"","background-media":"","overlay-type":"","overlay-color":"","overlay-opacity":"","overlay-gradient":""},"tablet":{"background-color":"var(--ast-global-color-4)","background-image":"","background-repeat":"repeat","background-position":"center center","background-size":"auto","background-attachment":"scroll","background-type":"","background-media":"","overlay-type":"","overlay-color":"","overlay-opacity":"","overlay-gradient":""},"mobile":{"background-color":"var(--ast-global-color-4)","background-image":"","background-repeat":"repeat","background-position":"center center","background-size":"auto","background-attachment":"scroll","background-type":"","background-media":"","overlay-type":"","overlay-color":"","overlay-opacity":"","overlay-gradient":""}},"_kadence_starter_templates_imported_post":false,"footnotes":""},"class_list":["post-146","page","type-page","status-publish","hentry"],"_links":{"self":[{"href":"https:\/\/noutbody.com\/index.php\/wp-json\/wp\/v2\/pages\/146","targetHints":{"allow":["GET"]}}],"collection":[{"href":"https:\/\/noutbody.com\/index.php\/wp-json\/wp\/v2\/pages"}],"about":[{"href":"https:\/\/noutbody.com\/index.php\/wp-json\/wp\/v2\/types\/page"}],"author":[{"embeddable":true,"href":"https:\/\/noutbody.com\/index.php\/wp-json\/wp\/v2\/users\/1"}],"replies":[{"embeddable":true,"href":"https:\/\/noutbody.com\/index.php\/wp-json\/wp\/v2\/comments?post=146"}],"version-history":[{"count":10,"href":"https:\/\/noutbody.com\/index.php\/wp-json\/wp\/v2\/pages\/146\/revisions"}],"predecessor-version":[{"id":401,"href":"https:\/\/noutbody.com\/index.php\/wp-json\/wp\/v2\/pages\/146\/revisions\/401"}],"wp:attachment":[{"href":"https:\/\/noutbody.com\/index.php\/wp-json\/wp\/v2\/media?parent=146"}],"curies":[{"name":"wp","href":"https:\/\/api.w.org\/{rel}","templated":true}]}}